{"id":14,"date":"2020-05-18T18:39:45","date_gmt":"2020-05-18T18:39:45","guid":{"rendered":"http:\/\/blog.inmoweb.es\/?page_id=14"},"modified":"2025-12-11T15:51:40","modified_gmt":"2025-12-11T15:51:40","slug":"blog","status":"publish","type":"page","link":"https:\/\/www.inmoweb.es\/blog\/","title":{"rendered":"Blog"},"content":{"rendered":"\r\n<p>\u00a1Bienvenido a tu sitio! Esta es tu p\u00e1gina de inicio, que es la que la mayor\u00eda de visitantes ver\u00e1n cuando vengan a tu sitio por primera vez.<\/p>\r\n","protected":false},"excerpt":{"rendered":"<p>\u00a1Bienvenido a tu sitio! Esta es tu p\u00e1gina de inicio, que es la que la mayor\u00eda de visitantes ver\u00e1n cuando vengan a tu sitio por primera vez.<\/p>\n","protected":false},"author":1,"featured_media":0,"parent":0,"menu_order":0,"comment_status":"closed","ping_status":"closed","template":"template-pages\/landing.php","meta":{"_acf_changed":false,"_monsterinsights_skip_tracking":false,"_monsterinsights_sitenote_active":false,"_monsterinsights_sitenote_note":"","_monsterinsights_sitenote_category":0,"footnotes":""},"class_list":["post-14","page","type-page","status-publish","hentry"],"acf":[],"yoast_head":"<!-- This site is optimized with the Yoast SEO plugin v27.3 - https:\/\/yoast.com\/product\/yoast-seo-wordpress\/ -->\n<title>Blog - Inmoweb Blog<\/title>\n<meta name=\"robots\" content=\"noindex, follow\" \/>\n<meta property=\"og:locale\" content=\"es_ES\" \/>\n<meta property=\"og:type\" content=\"article\" \/>\n<meta property=\"og:title\" content=\"Blog - Inmoweb Blog\" \/>\n<meta property=\"og:description\" content=\"\u00a1Bienvenido a tu sitio! Esta es tu p\u00e1gina de inicio, que es la que la mayor\u00eda de visitantes ver\u00e1n cuando vengan a tu sitio por primera vez.\" \/>\n<meta property=\"og:url\" content=\"https:\/\/www.inmoweb.es\/blog\/\" \/>\n<meta property=\"og:site_name\" content=\"Inmoweb Blog\" \/>\n<meta property=\"article:publisher\" content=\"https:\/\/www.facebook.com\/inmoweb\" \/>\n<meta property=\"article:modified_time\" content=\"2025-12-11T15:51:40+00:00\" \/>\n<meta property=\"og:image\" content=\"https:\/\/www.inmoweb.es\/blog\/wp-content\/uploads\/2020\/06\/cropped-cropped-logo-5.png\" \/>\n\t<meta property=\"og:image:width\" content=\"928\" \/>\n\t<meta property=\"og:image:height\" content=\"250\" \/>\n\t<meta property=\"og:image:type\" content=\"image\/png\" \/>\n<meta name=\"twitter:card\" content=\"summary_large_image\" \/>\n<meta name=\"twitter:site\" content=\"@inmowebES\" \/>\n<meta name=\"twitter:label1\" content=\"Tiempo de lectura\" \/>\n\t<meta name=\"twitter:data1\" content=\"1 minuto\" \/>\n<script type=\"application\/ld+json\" class=\"yoast-schema-graph\">{\"@context\":\"https:\\\/\\\/schema.org\",\"@graph\":[{\"@type\":\"WebPage\",\"@id\":\"https:\\\/\\\/www.inmoweb.es\\\/blog\\\/\",\"url\":\"https:\\\/\\\/www.inmoweb.es\\\/blog\\\/\",\"name\":\"Blog - Inmoweb Blog\",\"isPartOf\":{\"@id\":\"https:\\\/\\\/www.inmoweb.es\\\/blog\\\/#website\"},\"datePublished\":\"2020-05-18T18:39:45+00:00\",\"dateModified\":\"2025-12-11T15:51:40+00:00\",\"breadcrumb\":{\"@id\":\"https:\\\/\\\/www.inmoweb.es\\\/blog\\\/#breadcrumb\"},\"inLanguage\":\"es\",\"potentialAction\":[{\"@type\":\"ReadAction\",\"target\":[\"https:\\\/\\\/www.inmoweb.es\\\/blog\\\/\"]}]},{\"@type\":\"BreadcrumbList\",\"@id\":\"https:\\\/\\\/www.inmoweb.es\\\/blog\\\/#breadcrumb\",\"itemListElement\":[{\"@type\":\"ListItem\",\"position\":1,\"name\":\"Blog\",\"item\":\"https:\\\/\\\/www.inmoweb.es\\\/blog\\\/\"},{\"@type\":\"ListItem\",\"position\":2,\"name\":\"Blog\"}]},{\"@type\":\"WebSite\",\"@id\":\"https:\\\/\\\/www.inmoweb.es\\\/blog\\\/#website\",\"url\":\"https:\\\/\\\/www.inmoweb.es\\\/blog\\\/\",\"name\":\"Blog de Inmoweb\",\"description\":\"El blog de Inmoweb, tu CRM Inmobiliario.\",\"publisher\":{\"@id\":\"https:\\\/\\\/www.inmoweb.es\\\/blog\\\/#organization\"},\"alternateName\":\"Blog de Inmoweb.es\",\"potentialAction\":[{\"@type\":\"SearchAction\",\"target\":{\"@type\":\"EntryPoint\",\"urlTemplate\":\"https:\\\/\\\/www.inmoweb.es\\\/blog\\\/?s={search_term_string}\"},\"query-input\":{\"@type\":\"PropertyValueSpecification\",\"valueRequired\":true,\"valueName\":\"search_term_string\"}}],\"inLanguage\":\"es\"},{\"@type\":\"Organization\",\"@id\":\"https:\\\/\\\/www.inmoweb.es\\\/blog\\\/#organization\",\"name\":\"Inmoweb\",\"alternateName\":\"Blog de Inmoweb\",\"url\":\"https:\\\/\\\/www.inmoweb.es\\\/blog\\\/\",\"logo\":{\"@type\":\"ImageObject\",\"inLanguage\":\"es\",\"@id\":\"https:\\\/\\\/www.inmoweb.es\\\/blog\\\/#\\\/schema\\\/logo\\\/image\\\/\",\"url\":\"https:\\\/\\\/www.inmoweb.es\\\/blog\\\/wp-content\\\/uploads\\\/2020\\\/06\\\/cropped-logo-4.png\",\"contentUrl\":\"https:\\\/\\\/www.inmoweb.es\\\/blog\\\/wp-content\\\/uploads\\\/2020\\\/06\\\/cropped-logo-4.png\",\"width\":928,\"height\":250,\"caption\":\"Inmoweb\"},\"image\":{\"@id\":\"https:\\\/\\\/www.inmoweb.es\\\/blog\\\/#\\\/schema\\\/logo\\\/image\\\/\"},\"sameAs\":[\"https:\\\/\\\/www.facebook.com\\\/inmoweb\",\"https:\\\/\\\/x.com\\\/inmowebES\",\"https:\\\/\\\/www.instagram.com\\\/inmoweb.es\\\/\",\"https:\\\/\\\/www.linkedin.com\\\/company\\\/inmoweb\"]}]}<\/script>\n<!-- \/ Yoast SEO plugin. -->","yoast_head_json":{"title":"Blog - Inmoweb Blog","robots":{"index":"noindex","follow":"follow"},"og_locale":"es_ES","og_type":"article","og_title":"Blog - Inmoweb Blog","og_description":"\u00a1Bienvenido a tu sitio! Esta es tu p\u00e1gina de inicio, que es la que la mayor\u00eda de visitantes ver\u00e1n cuando vengan a tu sitio por primera vez.","og_url":"https:\/\/www.inmoweb.es\/blog\/","og_site_name":"Inmoweb Blog","article_publisher":"https:\/\/www.facebook.com\/inmoweb","article_modified_time":"2025-12-11T15:51:40+00:00","og_image":[{"width":928,"height":250,"url":"https:\/\/www.inmoweb.es\/blog\/wp-content\/uploads\/2020\/06\/cropped-cropped-logo-5.png","type":"image\/png"}],"twitter_card":"summary_large_image","twitter_site":"@inmowebES","twitter_misc":{"Tiempo de lectura":"1 minuto"},"schema":{"@context":"https:\/\/schema.org","@graph":[{"@type":"WebPage","@id":"https:\/\/www.inmoweb.es\/blog\/","url":"https:\/\/www.inmoweb.es\/blog\/","name":"Blog - Inmoweb Blog","isPartOf":{"@id":"https:\/\/www.inmoweb.es\/blog\/#website"},"datePublished":"2020-05-18T18:39:45+00:00","dateModified":"2025-12-11T15:51:40+00:00","breadcrumb":{"@id":"https:\/\/www.inmoweb.es\/blog\/#breadcrumb"},"inLanguage":"es","potentialAction":[{"@type":"ReadAction","target":["https:\/\/www.inmoweb.es\/blog\/"]}]},{"@type":"BreadcrumbList","@id":"https:\/\/www.inmoweb.es\/blog\/#breadcrumb","itemListElement":[{"@type":"ListItem","position":1,"name":"Blog","item":"https:\/\/www.inmoweb.es\/blog\/"},{"@type":"ListItem","position":2,"name":"Blog"}]},{"@type":"WebSite","@id":"https:\/\/www.inmoweb.es\/blog\/#website","url":"https:\/\/www.inmoweb.es\/blog\/","name":"Blog de Inmoweb","description":"El blog de Inmoweb, tu CRM Inmobiliario.","publisher":{"@id":"https:\/\/www.inmoweb.es\/blog\/#organization"},"alternateName":"Blog de Inmoweb.es","potentialAction":[{"@type":"SearchAction","target":{"@type":"EntryPoint","urlTemplate":"https:\/\/www.inmoweb.es\/blog\/?s={search_term_string}"},"query-input":{"@type":"PropertyValueSpecification","valueRequired":true,"valueName":"search_term_string"}}],"inLanguage":"es"},{"@type":"Organization","@id":"https:\/\/www.inmoweb.es\/blog\/#organization","name":"Inmoweb","alternateName":"Blog de Inmoweb","url":"https:\/\/www.inmoweb.es\/blog\/","logo":{"@type":"ImageObject","inLanguage":"es","@id":"https:\/\/www.inmoweb.es\/blog\/#\/schema\/logo\/image\/","url":"https:\/\/www.inmoweb.es\/blog\/wp-content\/uploads\/2020\/06\/cropped-logo-4.png","contentUrl":"https:\/\/www.inmoweb.es\/blog\/wp-content\/uploads\/2020\/06\/cropped-logo-4.png","width":928,"height":250,"caption":"Inmoweb"},"image":{"@id":"https:\/\/www.inmoweb.es\/blog\/#\/schema\/logo\/image\/"},"sameAs":["https:\/\/www.facebook.com\/inmoweb","https:\/\/x.com\/inmowebES","https:\/\/www.instagram.com\/inmoweb.es\/","https:\/\/www.linkedin.com\/company\/inmoweb"]}]}},"_links":{"self":[{"href":"https:\/\/www.inmoweb.es\/blog\/wp-json\/wp\/v2\/pages\/14","targetHints":{"allow":["GET"]}}],"collection":[{"href":"https:\/\/www.inmoweb.es\/blog\/wp-json\/wp\/v2\/pages"}],"about":[{"href":"https:\/\/www.inmoweb.es\/blog\/wp-json\/wp\/v2\/types\/page"}],"author":[{"embeddable":true,"href":"https:\/\/www.inmoweb.es\/blog\/wp-json\/wp\/v2\/users\/1"}],"replies":[{"embeddable":true,"href":"https:\/\/www.inmoweb.es\/blog\/wp-json\/wp\/v2\/comments?post=14"}],"version-history":[{"count":22,"href":"https:\/\/www.inmoweb.es\/blog\/wp-json\/wp\/v2\/pages\/14\/revisions"}],"predecessor-version":[{"id":1274,"href":"https:\/\/www.inmoweb.es\/blog\/wp-json\/wp\/v2\/pages\/14\/revisions\/1274"}],"wp:attachment":[{"href":"https:\/\/www.inmoweb.es\/blog\/wp-json\/wp\/v2\/media?parent=14"}],"curies":[{"name":"wp","href":"https:\/\/api.w.org\/{rel}","templated":true}]}}